{"id":6910,"date":"2023-03-02T01:24:53","date_gmt":"2023-03-01T22:24:53","guid":{"rendered":"https:\/\/gaiadentalclinic.com\/tr\/?page_id=6910"},"modified":"2025-12-31T20:08:40","modified_gmt":"2025-12-31T17:08:40","slug":"notre-clinique","status":"publish","type":"page","link":"https:\/\/gaiadentalclinic.com\/fr\/notre-clinique\/","title":{"rendered":"Notre clinique"},"content":{"rendered":"\t\t<div data-elementor-type=\"wp-page\" data-elementor-id=\"6910\" class=\"elementor elementor-6910\" data-elementor-post-type=\"page\">\n\t\t\t\t\t\t<section class=\"elementor-section elementor-top-section elementor-element elementor-element-2036349 elementor-section-height-min-height elementor-section-items-stretch elementor-section-boxed elementor-section-height-default\" data-id=\"2036349\" data-element_type=\"section\" data-settings=\"{&quot;background_background&quot;:&quot;gradient&quot;}\">\n\t\t\t\t\t\t\t<div class=\"elementor-background-overlay\"><\/div>\n\t\t\t\t\t\t\t<div class=\"elementor-container elementor-column-gap-default\">\n\t\t\t\t\t<div data-parallax=\"true\" data-parallax-options=\"{&quot;ease&quot;:[&quot;linear&quot;],&quot;start&quot;:&quot;top top&quot;,&quot;end&quot;:&quot;bottom+=0px top&quot;}\" data-parallax-from=\"{&quot;y&quot;:&quot;0px&quot;,&quot;opacity&quot;:1}\" data-parallax-to=\"{&quot;y&quot;:&quot;-100px&quot;,&quot;opacity&quot;:0}\" data-custom-animations=\"true\" data-ca-options=\"{&quot;addChildTimelines&quot;:false,&quot;animationTarget&quot;:&quot;:scope &gt; .elementor-widget-wrap &gt; .elementor-element &gt; .elementor-widget-container, :scope &gt; .elementor-widget-wrap &gt; .elementor-section &gt; .elementor-container &gt; .elementor-column &gt; .elementor-widget-wrap &gt; .elementor-element:not(.lqd-el-has-inner-anim) &gt; .elementor-widget-container, :scope &gt; .elementor-widget-wrap &gt; .elementor-widget-hub_fancy_heading .lqd-split-lines .lqd-lines .split-inner, :scope &gt; .elementor-widget-wrap &gt; .elementor-widget-hub_fancy_heading .lqd-split-words .lqd-words .split-inner, :scope &gt; .elementor-widget-wrap &gt; .elementor-widget-hub_fancy_heading .lqd-split-chars .lqd-chars .split-inner, :scope &gt; .elementor-widget-wrap &gt; .elementor-widget-ld_custom_menu .lqd-fancy-menu &gt; ul &gt; li&quot;,&quot;duration&quot;:1000,&quot;delay&quot;:15,&quot;ease&quot;:[&quot;power4.out&quot;],&quot;initValues&quot;:{&quot;y&quot;:&quot;60px&quot;,&quot;opacity&quot;:0,&quot;transformOrigin&quot;:&quot;65% 50% 0px&quot;},&quot;animations&quot;:{&quot;y&quot;:&quot;0px&quot;,&quot;opacity&quot;:1,&quot;transformOrigin&quot;:&quot;50% 50% 0px&quot;}}\" class=\"elementor-column elementor-col-100 elementor-top-column elementor-element elementor-element-ff00198\" data-id=\"ff00198\" data-element_type=\"column\">\n\t\t\t<div class=\"elementor-widget-wrap elementor-element-populated\">\n\t\t\t\t\t\t<div class=\"elementor-element elementor-element-3016e97 elementor-widget elementor-widget-hub_fancy_heading\" data-id=\"3016e97\" data-element_type=\"widget\" data-widget_type=\"hub_fancy_heading.default\">\n\t\t\t\t<div class=\"elementor-widget-container\">\n\t\t\t\t\t\n\t\t<div id=\"ld-fancy-heading-69df297254fa3\" class=\"ld-fancy-heading pos-rel\">\n\t\t\t<h1 class=\"ld-fh-element d-inline-block pos-rel  elementor-heading-title lqd-highlight-classic lqd-highlight-grow-left h1\"  > Notre clinique\n<\/h1>\t\t<\/div>\n\n\t\t\t\t\t\t<\/div>\n\t\t\t\t<\/div>\n\t\t\t\t<div class=\"elementor-element elementor-element-f8f13d7 elementor-absolute elementor-widget elementor-widget-ld_button\" data-id=\"f8f13d7\" data-element_type=\"widget\" data-settings=\"{&quot;_position&quot;:&quot;absolute&quot;}\" data-widget_type=\"ld_button.default\">\n\t\t\t\t<div class=\"elementor-widget-container\">\n\t\t\t\t\t\n\t\t\t<a \n\t\t\t\tclass=\"elementor-button btn btn-naked btn-icon-block btn-icon-top btn-icon-circle btn-icon-lg btn-icon-shaped btn-icon-solid btn-icon-ripple btn-no-label\" data-localscroll=\"1\" data-localscroll-options=\"{&quot;scrollBelowSection&quot;:true}\" href=\"#\"\t\t\t>\n\t\t\t\t\t\t\t\t\t\t\t\t\t\t<span class=\"btn-icon\">\n\t\t\t\t\t\t\t<i aria-hidden=\"true\" class=\"lqd-icn-ess icon-ion-ios-arrow-down\"><\/i>\t\t\t\t\t\t<\/span>\n\t\t\t\t\t\t\t\t\t<\/a>\n\t\t\t\t\t\t\t<\/div>\n\t\t\t\t<\/div>\n\t\t\t\t\t<\/div>\n\t\t<\/div>\n\t\t\t\t\t<\/div>\n\t\t<\/section>\n\t\t\t\t<section class=\"elementor-section elementor-top-section elementor-element elementor-element-19096091 elementor-section-boxed elementor-section-height-default elementor-section-height-default\" data-id=\"19096091\" data-element_type=\"section\" id=\"services\">\n\t\t\t\t\t\t<div class=\"elementor-container elementor-column-gap-no\">\n\t\t\t\t\t<div class=\"elementor-column elementor-col-100 elementor-top-column elementor-element elementor-element-2c62725f\" data-id=\"2c62725f\" data-element_type=\"column\">\n\t\t\t<div class=\"elementor-widget-wrap elementor-element-populated\">\n\t\t\t\t\t\t<section class=\"elementor-section elementor-inner-section elementor-element elementor-element-44a760b3 elementor-section-boxed elementor-section-height-default elementor-section-height-default\" data-id=\"44a760b3\" data-element_type=\"section\">\n\t\t\t\t\t\t<div class=\"elementor-container elementor-column-gap-default\">\n\t\t\t\t\t<div class=\"elementor-column elementor-col-100 elementor-inner-column elementor-element elementor-element-e7b9e8\" data-id=\"e7b9e8\" data-element_type=\"column\">\n\t\t\t<div class=\"elementor-widget-wrap elementor-element-populated\">\n\t\t\t\t\t\t<div class=\"elementor-element elementor-element-59d885b3 elementor-widget__width-auto elementor-widget elementor-widget-hub_fancy_heading lqd-el-has-inner-anim\" data-id=\"59d885b3\" data-element_type=\"widget\" data-settings=\"{&quot;enable_split&quot;:&quot;true&quot;,&quot;split_type&quot;:&quot;lines&quot;}\" data-widget_type=\"hub_fancy_heading.default\">\n\t\t\t\t<div class=\"elementor-widget-container\">\n\t\t\t\t\t\n\t\t<div id=\"ld-fancy-heading-69df297255843\" class=\"ld-fancy-heading pos-rel\">\n\t\t\t<h6 class=\"ld-fh-element d-inline-block pos-rel  elementor-heading-title lqd-highlight-classic lqd-highlight-grow-left lqd-split-lines h6\"  data-split-text=\"true\" data-split-options='{\"type\":\"lines\"}'> Notre mission\n<\/h6>\t\t<\/div>\n\n\t\t\t\t\t\t<\/div>\n\t\t\t\t<\/div>\n\t\t\t\t<div class=\"elementor-element elementor-element-37912e5f elementor-widget elementor-widget-hub_fancy_heading\" data-id=\"37912e5f\" data-element_type=\"widget\" data-widget_type=\"hub_fancy_heading.default\">\n\t\t\t\t<div class=\"elementor-widget-container\">\n\t\t\t\t\t\n\t\t<div id=\"ld-fancy-heading-69df297255bb6\" class=\"ld-fancy-heading pos-rel\">\n\t\t\t<h2 class=\"ld-fh-element d-inline-block pos-rel  elementor-heading-title lqd-highlight-classic lqd-highlight-grow-left h2\"  > \u00c0 la clinique dentaire Gaia, notre mission est de fournir des soins dentaires de haute qualit\u00e9, ax\u00e9s sur la sant\u00e9 et le bien-\u00eatre g\u00e9n\u00e9ral de nos patients. Nous nous engageons \u00e0 offrir des soins personnalis\u00e9s et empreints de compassion, tout en utilisant les technologies et techniques les plus r\u00e9centes afin d'obtenir les meilleurs r\u00e9sultats possibles. Notre objectif est de cr\u00e9er un environnement confortable et accueillant o\u00f9 nos patients se sentent \u00e0 l'aise et en confiance quant \u00e0 leurs plans de traitement. Nous croyons en l'importance d'\u00e9tablir des relations durables avec nos patients et de les encourager \u00e0 participer activement \u00e0 leur sant\u00e9 bucco-dentaire. Notre \u00e9quipe se consacre \u00e0 la formation continue et se tient inform\u00e9e des derni\u00e8res avanc\u00e9es en dentisterie afin de fournir les meilleurs soins possibles. \u00c0 la clinique dentaire Gaia, nous nous engageons \u00e0 aider nos patients \u00e0 obtenir des sourires sains et \u00e9clatants pour toute une vie.<\/h2>\t\t<\/div>\n\n\t\t\t\t\t\t<\/div>\n\t\t\t\t<\/div>\n\t\t\t\t<div class=\"elementor-element elementor-element-188e021 elementor-widget elementor-widget-ld_accordion\" data-id=\"188e021\" data-element_type=\"widget\" data-widget_type=\"ld_accordion.default\">\n\t\t\t\t<div class=\"elementor-widget-container\">\n\t\t\t\t\t\n\t\t<div class=\"accordion accordion-title-underlined accordion-sm\" id=\"accordion-69df297255f7c\" role=\"tablist\" aria-multiselectable=\"true\">\n\t\t\t\t\t\t\t\t\t\t\t\t<div class=\"accordion-item panel \">\n\t\t\t\t\n\t\t\t\t<div class=\"accordion-heading\" role=\"tab\" id=\"heading-2571\">\n\t\t\t\t<h4 class=\"accordion-title \">\t\t\t\t\t<a class=\"collapsed\" role=\"button\" data-toggle=\"collapse\" \n\t\t\t\t\tdata-parent=\"#accordion-69df297255f7c\" href=\"#collapse-2571\" \n\t\t\t\t\taria-expanded=\"false\" aria-controls=\"collapse-2571\">\n\t\t\t\t\t\t\t\t\t\t\t\t<span class=\"accordion-title-txt\">Vision<\/span>\n\t\t\t\t\t\t\t\t\t\t\t\t\t<span class=\"accordion-expander\"><i class=\"lqd-icn-ess icon-ion-ios-add\"><\/i><i class=\"lqd-icn-ess icon-ion-ios-remove\"><\/i><\/span>\t\t\t\t\t\t\t\t\t\t\t<\/a>\n\t\t\t\t<\/h4>\t\t\t\t<\/div>\n\t\t\t\t\n\t\t\t\t<div id=\"collapse-2571\" class=\"accordion-collapse collapse \" role=\"tabpanel\" aria-labelledby=\"heading-2571\">\n\n\t\t\t\t<div class=\"accordion-content\">\n\t\t\t\t\t<p>La vision de la clinique dentaire Gaia est de cr\u00e9er un environnement chaleureux, accueillant et bienveillant o\u00f9 nos patients se sentent \u00e0 l\u2019aise et v\u00e9ritablement pris en charge. Nous croyons en une approche des soins dentaires qui va au-del\u00e0 du simple traitement des dents, en tenant compte du bien-\u00eatre g\u00e9n\u00e9ral de chacun de nos patients. Notre objectif est de devenir une clinique dentaire de r\u00e9f\u00e9rence, offrant des soins personnalis\u00e9s, attentionn\u00e9s et complets, adapt\u00e9s aux besoins des individus et des familles de notre communaut\u00e9.<\/p><p>Nous imaginons une clinique qui utilise les technologies et techniques les plus r\u00e9centes afin de garantir que nos patients b\u00e9n\u00e9ficient des normes de soins les plus \u00e9lev\u00e9es. Nous accordons une grande importance \u00e0 la formation continue, afin que notre \u00e9quipe de professionnels exp\u00e9riment\u00e9s reste inform\u00e9e des derni\u00e8res avanc\u00e9es en mati\u00e8re de soins dentaires.<\/p><p>\u00c0 la clinique dentaire Gaia, nous croyons \u00e9galement en la responsabilit\u00e9 environnementale et nous nous engageons \u00e0 r\u00e9duire notre empreinte carbone. Nous int\u00e9grons des pratiques durables dans nos op\u00e9rations et nous nous effor\u00e7ons de r\u00e9duire les d\u00e9chets chaque fois que possible.<\/p><p>Notre ambition est d\u2019avoir un impact positif sur nos patients, notre \u00e9quipe et notre environnement, et de devenir un prestataire de soins de sant\u00e9 de confiance et respect\u00e9 dans le secteur de la dentisterie.<\/p>\t\t\t\t<\/div>\n\t\t\t\t\t\t\n\t\t\t\t<\/div>\n\t\t\t\t\n\t\t\t<\/div>\n\t\t\t\t\t\t\t\t\t\n\t\t<\/div>\n\n\t\t\t\t\t\t<\/div>\n\t\t\t\t<\/div>\n\t\t\t\t\t<\/div>\n\t\t<\/div>\n\t\t\t\t\t<\/div>\n\t\t<\/section>\n\t\t\t\t\t<\/div>\n\t\t<\/div>\n\t\t\t\t\t<\/div>\n\t\t<\/section>\n\t\t<div class=\"elementor-element elementor-element-17640f5 e-flex e-con-boxed e-con e-parent\" data-id=\"17640f5\" data-element_type=\"container\">\n\t\t\t\t\t<div class=\"e-con-inner\">\n\t\t\t\t<div class=\"elementor-element elementor-element-8c61c6e elementor-widget elementor-widget-html\" data-id=\"8c61c6e\" data-element_type=\"widget\" data-widget_type=\"html.default\">\n\t\t\t\t<div class=\"elementor-widget-container\">\n\t\t\t\t\t<section class=\"facility-section\">\n  <div class=\"facility-header\">\n    <h2>Notre Clinique<\/h2>\n  <\/div>\n\n  <div class=\"facility-grid\">\n\n    <!-- Large Image -->\n    <div class=\"facility-item large\">\n      <img decoding=\"async\" src=\"https:\/\/gaiadentalclinic.com\/wp-content\/uploads\/2025\/11\/Gaia-Clinic-Reception.webp\" alt=\"R\u00e9ception Moderne de la Clinique Dentaire\">\n      <div class=\"overlay\">\n        <span>R\u00e9ception Moderne de la Clinique Dentaire<\/span>\n        <p>Un espace d\u2019accueil chaleureux et apaisant pour tous nos patients<\/p>\n      <\/div>\n    <\/div>\n\n    <!-- Small Items -->\n    <div class=\"facility-item\">\n      <img decoding=\"async\" src=\"https:\/\/gaiadentalclinic.com\/wp-content\/uploads\/2025\/11\/Gaia-Clinic-Operation-Room.webp\" alt=\"Salle de Traitement Avanc\u00e9e\">\n      <div class=\"overlay\">\n        <span>Salle de Traitement Avanc\u00e9e<\/span>\n        <p>\u00c9quip\u00e9e des derni\u00e8res technologies pour des soins pr\u00e9cis et confortables<\/p>\n      <\/div>\n    <\/div>\n\n    <div class=\"facility-item\">\n      <img decoding=\"async\" src=\"https:\/\/gaiadentalclinic.com\/wp-content\/uploads\/2023\/08\/gaiadentalclinic-gallery-1-min.png\" alt=\"Espace de D\u00e9tente pour les Patients\">\n      <div class=\"overlay\">\n        <span>Espace de D\u00e9tente pour les Patients<\/span>\n        <p>Un environnement paisible con\u00e7u pour vous d\u00e9tendre avant et apr\u00e8s les traitements<\/p>\n      <\/div>\n    <\/div>\n\n    <div class=\"facility-item\">\n      <img decoding=\"async\" src=\"https:\/\/gaiadentalclinic.com\/wp-content\/uploads\/2023\/08\/gaiadentalclinic-gallery-2-min.png\" alt=\"\u00c9quipe de Dentistes Sp\u00e9cialistes\">\n      <div class=\"overlay\">\n        <span>\u00c9quipe de Dentistes Sp\u00e9cialistes<\/span>\n        <p>Des praticiens exp\u00e9riment\u00e9s offrant des soins de niveau international<\/p>\n      <\/div>\n    <\/div>\n\n    <div class=\"facility-item\">\n      <img decoding=\"async\" src=\"https:\/\/gaiadentalclinic.com\/wp-content\/uploads\/2025\/12\/IMG_6905-2.webp\" alt=\"Planification de Traitement Personnalis\u00e9e\">\n      <div class=\"overlay\">\n        <span>Planification de Traitement Personnalis\u00e9e<\/span>\n        <p>Des solutions enti\u00e8rement adapt\u00e9es \u00e0 votre structure dentaire unique<\/p>\n      <\/div>\n    <\/div>\n\n    <div class=\"facility-item\">\n      <img decoding=\"async\" src=\"https:\/\/gaiadentalclinic.com\/wp-content\/uploads\/2025\/11\/Gaia-Clinic.webp\" alt=\"Salle d\u2019Examen Priv\u00e9e\">\n      <div class=\"overlay\">\n        <span>Salle d\u2019Examen Priv\u00e9e<\/span>\n        <p>Un espace calme et confidentiel pour des \u00e9valuations d\u00e9taill\u00e9es du sourire<\/p>\n      <\/div>\n    <\/div>\n\n  <\/div>\n<\/section>\n\n\n\n<style>\n\n\/* ---------------------------------------------------\n   \ud83c\udf1f PREMIUM DENTAL FACILITY \u2013 UNIQUE DESIGN\n--------------------------------------------------- *\/\n\n\/* Genel *\/\n.facility-section {\n  padding: 0px 20px;\n  text-align: center;\n}\n\n.facility-header .subtitle {\n  color: #23c4cc;\n  font-size: 20px;\n  margin-bottom: 10px !important;\n}\n\n.facility-header h2 {\n  font-size: 36px;\n  font-weight: 600;\n  color: #64785F;\n  margin-bottom: 40px;\n  font-family: 'Source Serif 4', serif;\n}\n\n\/* -------- GRID TASARIMI (yenilendi) ---------- *\/\n.facility-grid {\n  display: grid;\n  grid-template-columns: repeat(3, 1fr);\n  grid-auto-rows: 260px;\n  gap: 20px;\n}\n\n.facility-item {\n  position: relative;\n  border-radius: 18px; \/* daha modern *\/\n  overflow: hidden;\n  box-shadow: 0 8px 24px rgba(0,0,0,0.15); \/* premium shadow *\/\n  transition: transform .35s ease, box-shadow .35s ease;\n}\n\n\/* Hover zoom *\/\n.facility-item:hover {\n  transform: translateY(-6px);\n  box-shadow: 0 12px 28px rgba(0,0,0,0.22);\n}\n\n.facility-item.large {\n  grid-column: span 2;\n  grid-row: span 2;\n}\n\n.facility-item img {\n  width: 100%;\n  height: 100%;\n  object-fit: cover;\n  display: block;\n  transition: transform .45s ease;\n}\n\n\/* Hover'da foto\u011fraf da zoom yaps\u0131n *\/\n.facility-item:hover img {\n  transform: scale(1.08);\n}\n\n\/* ---------- YEN\u0130 OVERLAY TASARIMI ----------- *\/\n.overlay {\n  position: absolute;\n  bottom: 0;\n  left: 0;\n  width: 100%;\n  padding: 18px 20px;\n\n  \/* SOL \u015eER\u0130TL\u0130 PREMIUM GRADIENT *\/\n  background: linear-gradient(\n    to right,\n    rgba(0, 64, 87, 0.3),\n    rgba(0, 64, 87, 0.3),\n    transparent\n  );\n\n  color: #fff;\n  text-align: left;\n\n  backdrop-filter: blur(2px);\n}\n\n.overlay h3 {\n  margin: 0 0 3px;\n  font-size: 20px;\n  font-weight: 600;\n  color: #CFF7FF; \/* bir t\u0131k a\u00e7\u0131k mavi premium *\/\n  font-family: 'Source Serif 4', serif;\n}\n\n.overlay p {\n  margin: 0;\n  font-size: 15px;\n  line-height: 1.4;\n  color: #E9F9FF;\n}\n\n\/* ---------- Mobil ---------- *\/\n@media (max-width: 768px) {\n  .facility-grid {\n    grid-template-columns: 1fr;\n    grid-auto-rows: auto;\n  }\n\n  .facility-item.large {\n    grid-column: span 1;\n    grid-row: span 1;\n    height: 260px;\n  }\n\n  .facility-item {\n    height: 250px;\n  }\n\n  .overlay h3 {\n    font-size: 15px !important;\n  }\n\n  .overlay p {\n    font-size: 14px;\n  }\n\n  .facility-header .subtitle {\n    font-size: 12px;\n  }\n\n  .facility-header h2 {\n    font-size: 24px !important;\n    line-height: 27.2px;\n  }\n}\n\n<\/style>\n\n<script>\n\/\/ Lightbox a\u00e7ma\ndocument.querySelectorAll(\".facility-item img\").forEach(img => {\n  img.addEventListener(\"click\", function() {\n    const lightbox = document.getElementById(\"lightbox\");\n    const lightboxImg = document.getElementById(\"lightbox-img\");\n    const captionText = document.getElementById(\"caption\");\n\n    lightbox.style.display = \"block\";\n    lightboxImg.src = this.src;\n    captionText.innerHTML = this.alt; \/\/ alt tag'i a\u00e7\u0131klama olarak\n  });\n});\n\n\/\/ Lightbox kapatma\ndocument.querySelector(\".close\").addEventListener(\"click\", function() {\n  document.getElementById(\"lightbox\").style.display = \"none\";\n});\n\n\/\/ Lightbox a\u00e7\u0131l\u0131nca header'\u0131 gizle\ndocument.addEventListener(\"DOMContentLoaded\", () => {\n  const lightbox = document.getElementById(\"lightbox\");\n  const header = document.querySelector(\"header\");\n\n  if (lightbox && header) {\n    const observer = new MutationObserver(() => {\n      if (lightbox.style.display === \"block\") {\n        header.style.display = \"none\";\n      } else {\n        header.style.display = \"block\";\n      }\n    });\n    observer.observe(lightbox, { attributes: true, attributeFilter: [\"style\"] });\n  }\n});\n\n<\/script>\n\t\t\t\t<\/div>\n\t\t\t\t<\/div>\n\t\t\t\t\t<\/div>\n\t\t\t\t<\/div>\n\t\t\t\t<\/div>\n\t\t","protected":false},"excerpt":{"rendered":"<p>Notre clinique Notre mission \u00c0 la clinique dentaire Gaia, notre mission est de fournir des soins dentaires de haute qualit\u00e9, ax\u00e9s sur la sant\u00e9 et le bien-\u00eatre g\u00e9n\u00e9ral de nos patients. Nous nous engageons \u00e0 offrir des soins personnalis\u00e9s et empreints de compassion, tout en utilisant les technologies et techniques les plus r\u00e9centes afin d&#8217;obtenir [&hellip;]<\/p>\n","protected":false},"author":1,"featured_media":0,"parent":0,"menu_order":0,"comment_status":"closed","ping_status":"closed","template":"","meta":{"footnotes":""},"class_list":["post-6910","page","type-page","status-publish","hentry"],"_links":{"self":[{"href":"https:\/\/gaiadentalclinic.com\/fr\/wp-json\/wp\/v2\/pages\/6910","targetHints":{"allow":["GET"]}}],"collection":[{"href":"https:\/\/gaiadentalclinic.com\/fr\/wp-json\/wp\/v2\/pages"}],"about":[{"href":"https:\/\/gaiadentalclinic.com\/fr\/wp-json\/wp\/v2\/types\/page"}],"author":[{"embeddable":true,"href":"https:\/\/gaiadentalclinic.com\/fr\/wp-json\/wp\/v2\/users\/1"}],"replies":[{"embeddable":true,"href":"https:\/\/gaiadentalclinic.com\/fr\/wp-json\/wp\/v2\/comments?post=6910"}],"version-history":[{"count":48,"href":"https:\/\/gaiadentalclinic.com\/fr\/wp-json\/wp\/v2\/pages\/6910\/revisions"}],"predecessor-version":[{"id":9397,"href":"https:\/\/gaiadentalclinic.com\/fr\/wp-json\/wp\/v2\/pages\/6910\/revisions\/9397"}],"wp:attachment":[{"href":"https:\/\/gaiadentalclinic.com\/fr\/wp-json\/wp\/v2\/media?parent=6910"}],"curies":[{"name":"wp","href":"https:\/\/api.w.org\/{rel}","templated":true}]}}