{"id":8651,"date":"2024-01-29T14:10:30","date_gmt":"2024-01-29T11:10:30","guid":{"rendered":"https:\/\/gaiadentalclinic.com\/tr\/?page_id=8651"},"modified":"2025-12-31T20:09:51","modified_gmt":"2025-12-31T17:09:51","slug":"nos-medecins","status":"publish","type":"page","link":"https:\/\/gaiadentalclinic.com\/fr\/nos-medecins\/","title":{"rendered":"Nos m\u00e9decins"},"content":{"rendered":"\t\t<div data-elementor-type=\"wp-page\" data-elementor-id=\"8651\" class=\"elementor elementor-8651\" data-elementor-post-type=\"page\">\n\t\t\t\t\t\t<section class=\"elementor-section elementor-top-section elementor-element elementor-element-819ed27 elementor-section-height-min-height elementor-section-items-stretch elementor-section-boxed elementor-section-height-default\" data-id=\"819ed27\" data-element_type=\"section\" data-settings=\"{&quot;background_background&quot;:&quot;gradient&quot;}\">\n\t\t\t\t\t\t\t<div class=\"elementor-background-overlay\"><\/div>\n\t\t\t\t\t\t\t<div class=\"elementor-container elementor-column-gap-default\">\n\t\t\t\t\t<div data-parallax=\"true\" data-parallax-options=\"{&quot;ease&quot;:[&quot;linear&quot;],&quot;start&quot;:&quot;top top&quot;,&quot;end&quot;:&quot;bottom+=0px top&quot;}\" data-parallax-from=\"{&quot;y&quot;:&quot;0px&quot;,&quot;opacity&quot;:1}\" data-parallax-to=\"{&quot;y&quot;:&quot;-100px&quot;,&quot;opacity&quot;:0}\" data-custom-animations=\"true\" data-ca-options=\"{&quot;addChildTimelines&quot;:false,&quot;animationTarget&quot;:&quot;:scope &gt; .elementor-widget-wrap &gt; .elementor-element &gt; .elementor-widget-container, :scope &gt; .elementor-widget-wrap &gt; .elementor-section &gt; .elementor-container &gt; .elementor-column &gt; .elementor-widget-wrap &gt; .elementor-element:not(.lqd-el-has-inner-anim) &gt; .elementor-widget-container, :scope &gt; .elementor-widget-wrap &gt; .elementor-widget-hub_fancy_heading .lqd-split-lines .lqd-lines .split-inner, :scope &gt; .elementor-widget-wrap &gt; .elementor-widget-hub_fancy_heading .lqd-split-words .lqd-words .split-inner, :scope &gt; .elementor-widget-wrap &gt; .elementor-widget-hub_fancy_heading .lqd-split-chars .lqd-chars .split-inner, :scope &gt; .elementor-widget-wrap &gt; .elementor-widget-ld_custom_menu .lqd-fancy-menu &gt; ul &gt; li&quot;,&quot;duration&quot;:1000,&quot;delay&quot;:15,&quot;ease&quot;:[&quot;power4.out&quot;],&quot;initValues&quot;:{&quot;y&quot;:&quot;60px&quot;,&quot;opacity&quot;:0,&quot;transformOrigin&quot;:&quot;65% 50% 0px&quot;},&quot;animations&quot;:{&quot;y&quot;:&quot;0px&quot;,&quot;opacity&quot;:1,&quot;transformOrigin&quot;:&quot;50% 50% 0px&quot;}}\" class=\"elementor-column elementor-col-100 elementor-top-column elementor-element elementor-element-f79636c\" data-id=\"f79636c\" data-element_type=\"column\">\n\t\t\t<div class=\"elementor-widget-wrap elementor-element-populated\">\n\t\t\t\t\t\t<div class=\"elementor-element elementor-element-29f4679 elementor-widget elementor-widget-hub_fancy_heading\" data-id=\"29f4679\" data-element_type=\"widget\" data-widget_type=\"hub_fancy_heading.default\">\n\t\t\t\t<div class=\"elementor-widget-container\">\n\t\t\t\t\t\n\t\t<div id=\"ld-fancy-heading-69df2a76e192c\" class=\"ld-fancy-heading pos-rel\">\n\t\t\t<h1 class=\"ld-fh-element d-inline-block pos-rel  elementor-heading-title lqd-highlight-classic lqd-highlight-grow-left h1\"  > Nos m\u00e9decins\n<\/h1>\t\t<\/div>\n\n\t\t\t\t\t\t<\/div>\n\t\t\t\t<\/div>\n\t\t\t\t<div class=\"elementor-element elementor-element-a486e73 elementor-absolute elementor-widget elementor-widget-ld_button\" data-id=\"a486e73\" data-element_type=\"widget\" data-settings=\"{&quot;_position&quot;:&quot;absolute&quot;}\" data-widget_type=\"ld_button.default\">\n\t\t\t\t<div class=\"elementor-widget-container\">\n\t\t\t\t\t\n\t\t\t<a \n\t\t\t\tclass=\"elementor-button btn btn-naked btn-icon-block btn-icon-top btn-icon-circle btn-icon-lg btn-icon-shaped btn-icon-solid btn-icon-ripple btn-no-label\" data-localscroll=\"1\" data-localscroll-options=\"{&quot;scrollBelowSection&quot;:true}\" href=\"#\"\t\t\t>\n\t\t\t\t\t\t\t\t\t\t\t\t\t\t<span class=\"btn-icon\">\n\t\t\t\t\t\t\t<i aria-hidden=\"true\" class=\"lqd-icn-ess icon-ion-ios-arrow-down\"><\/i>\t\t\t\t\t\t<\/span>\n\t\t\t\t\t\t\t\t\t<\/a>\n\t\t\t\t\t\t\t<\/div>\n\t\t\t\t<\/div>\n\t\t\t\t\t<\/div>\n\t\t<\/div>\n\t\t\t\t\t<\/div>\n\t\t<\/section>\n\t\t\t\t<section class=\"elementor-section elementor-top-section elementor-element elementor-element-50566c88 elementor-section-boxed elementor-section-height-default elementor-section-height-default\" data-id=\"50566c88\" data-element_type=\"section\">\n\t\t\t\t\t\t<div class=\"elementor-container elementor-column-gap-no\">\n\t\t\t\t\t<div class=\"elementor-column elementor-col-100 elementor-top-column elementor-element elementor-element-4ea936d5\" data-id=\"4ea936d5\" data-element_type=\"column\">\n\t\t\t<div class=\"elementor-widget-wrap elementor-element-populated\">\n\t\t\t\t\t\t<section class=\"elementor-section elementor-inner-section elementor-element elementor-element-4ae01a33 elementor-section-boxed elementor-section-height-default elementor-section-height-default\" data-id=\"4ae01a33\" data-element_type=\"section\">\n\t\t\t\t\t\t<div class=\"elementor-container elementor-column-gap-default\">\n\t\t\t\t\t<div class=\"elementor-column elementor-col-100 elementor-inner-column elementor-element elementor-element-76b3eb4f\" data-id=\"76b3eb4f\" data-element_type=\"column\">\n\t\t\t<div class=\"elementor-widget-wrap elementor-element-populated\">\n\t\t\t\t\t\t<section class=\"elementor-section elementor-inner-section elementor-element elementor-element-d5247b6 elementor-section-boxed elementor-section-height-default elementor-section-height-default\" data-id=\"d5247b6\" data-element_type=\"section\">\n\t\t\t\t\t\t<div class=\"elementor-container elementor-column-gap-no\">\n\t\t\t\t\t<div class=\"elementor-column elementor-col-33 elementor-inner-column elementor-element elementor-element-26ddc53\" data-id=\"26ddc53\" data-element_type=\"column\">\n\t\t\t<div class=\"elementor-widget-wrap elementor-element-populated\">\n\t\t\t\t\t\t<div class=\"elementor-element elementor-element-fa5f681 elementor-widget elementor-widget-ld_fancy_image\" data-id=\"fa5f681\" data-element_type=\"widget\" data-widget_type=\"ld_fancy_image.default\">\n\t\t\t\t<div class=\"elementor-widget-container\">\n\t\t\t\t\t\n\t\t<div class=\"lqd-imggrp-single d-block pos-rel \">\n\t\t\t<div class=\"lqd-imggrp-img-container d-inline-flex pos-rel align-items-center justify-content-center \">\n\t\t\t\t\t\t\t\t<figure class=\"w-100 pos-rel\">\n\t\t\t\t\t<img fetchpriority=\"high\" decoding=\"async\" width=\"416\" height=\"416\" src=\"https:\/\/gaiadentalclinic.com\/fr\/wp-content\/uploads\/2025\/08\/sevgib.png\" class=\"attachment-full size-full wp-image-8736\" alt=\"\" srcset=\"https:\/\/gaiadentalclinic.com\/fr\/wp-content\/uploads\/2025\/08\/sevgib.png 416w, https:\/\/gaiadentalclinic.com\/fr\/wp-content\/uploads\/2025\/08\/sevgib-300x300.png 300w, https:\/\/gaiadentalclinic.com\/fr\/wp-content\/uploads\/2025\/08\/sevgib-150x150.png 150w, https:\/\/gaiadentalclinic.com\/fr\/wp-content\/uploads\/2025\/08\/sevgib-320x320.png 320w, https:\/\/gaiadentalclinic.com\/fr\/wp-content\/uploads\/2025\/08\/sevgib-60x60.png 60w, https:\/\/gaiadentalclinic.com\/fr\/wp-content\/uploads\/2025\/08\/sevgib-86x86.png 86w\" sizes=\"(max-width: 416px) 100vw, 416px\" \/>\t\t\t\t\t\t\t\t\t\t\t\t\t\t\t\t\t\t\t\t<a href=\"https:\/\/gaiadentalclinic.com\/tr\/dt-sevgi-budancamanak\/\"   class=\"lqd-overlay lqd-fi-overlay-link lqd-cc-label-trigger\"><\/a>\t\t\t\t\t\t\t\t\t<\/figure>\n\t\t\t<\/div>\n\t\t<\/div>\n\n\t\t\t\t\t<\/div>\n\t\t\t\t<\/div>\n\t\t\t\t<div class=\"elementor-element elementor-element-e826806 elementor-widget elementor-widget-hub_fancy_heading\" data-id=\"e826806\" data-element_type=\"widget\" data-widget_type=\"hub_fancy_heading.default\">\n\t\t\t\t<div class=\"elementor-widget-container\">\n\t\t\t\t\t\n\t\t<div id=\"ld-fancy-heading-69df2a76e25a3\" class=\"ld-fancy-heading pos-rel\">\n\t\t\t<h3 class=\"ld-fh-element d-inline-block pos-rel  elementor-heading-title lqd-highlight-classic lqd-highlight-grow-left h3\" ><a href=https:\/\/gaiadentalclinic.com\/tr\/dt-sevgi-budancamanak\/  target=_self  > Dt. Sevgi Budancamanak<\/a><\/h3>\t\t<\/div>\n\n\t\t\t\t\t\t<\/div>\n\t\t\t\t<\/div>\n\t\t\t\t<div class=\"elementor-element elementor-element-ceda977 elementor-widget elementor-widget-hub_fancy_heading\" data-id=\"ceda977\" data-element_type=\"widget\" data-widget_type=\"hub_fancy_heading.default\">\n\t\t\t\t<div class=\"elementor-widget-container\">\n\t\t\t\t\t\n\t\t<div id=\"ld-fancy-heading-69df2a76e28dd\" class=\"ld-fancy-heading pos-rel\">\n\t\t\t<p class=\"ld-fh-element d-inline-block pos-rel  lqd-highlight-classic lqd-highlight-grow-left p\"  > N\u00e9e \u00e0 Bing\u00f6l en 1989, le Dr Sevgi y a effectu\u00e9 sa scolarit\u00e9 primaire et secondaire. En 2013, elle a obtenu son dipl\u00f4me de la facult\u00e9 de m\u00e9decine dentaire de l'Universit\u00e9 du Proche-Orient \u00e0 Chypre gr\u00e2ce \u00e0 une bourse d'\u00e9tudes compl\u00e8te.<\/p>\t\t<\/div>\n\n\t\t\t\t\t\t<\/div>\n\t\t\t\t<\/div>\n\t\t\t\t<div class=\"elementor-element elementor-element-749b02c elementor-widget elementor-widget-hub_fancy_heading\" data-id=\"749b02c\" data-element_type=\"widget\" data-widget_type=\"hub_fancy_heading.default\">\n\t\t\t\t<div class=\"elementor-widget-container\">\n\t\t\t\t\t\n\t\t<div id=\"ld-fancy-heading-69df2a76e2c0a\" class=\"ld-fancy-heading pos-rel\">\n\t\t\t<p class=\"ld-fh-element d-inline-block pos-rel  lqd-highlight-classic lqd-highlight-grow-left p\" ><a href=https:\/\/gaiadentalclinic.com\/tr\/dt-sevgi-budancamanak\/  target=_self  > Dentiste<\/a><\/p>\t\t<\/div>\n\n\t\t\t\t\t\t<\/div>\n\t\t\t\t<\/div>\n\t\t\t\t<div class=\"elementor-element elementor-element-6ff975e elementor-widget elementor-widget-spacer\" data-id=\"6ff975e\" data-element_type=\"widget\" data-widget_type=\"spacer.default\">\n\t\t\t\t<div class=\"elementor-widget-container\">\n\t\t\t\t\t\t\t<div class=\"elementor-spacer\">\n\t\t\t<div class=\"elementor-spacer-inner\"><\/div>\n\t\t<\/div>\n\t\t\t\t\t\t<\/div>\n\t\t\t\t<\/div>\n\t\t\t\t<div class=\"elementor-element elementor-element-6c46eee elementor-widget__width-auto elementor-widget elementor-widget-ld_button\" data-id=\"6c46eee\" data-element_type=\"widget\" data-widget_type=\"ld_button.default\">\n\t\t\t\t<div class=\"elementor-widget-container\">\n\t\t\t\t\t\n\t\t\t<a href=\"https:\/\/www.instagram.com\/dr.dentqueen\/?igshid=YmMyMTA2M2Y=\" class=\"elementor-button btn btn-naked btn-icon-left btn-icon-circle btn-icon-custom-size btn-icon-shaped btn-icon-bordered btn-no-label\" target=\"_blank\" rel=\"noopener\">\n\t\t\t\t\t\t\t\t\t\t\t\t\t\t<span class=\"btn-icon\">\n\t\t\t\t\t\t\t<i aria-hidden=\"true\" class=\"fab fa-instagram\"><\/i>\t\t\t\t\t\t<\/span>\n\t\t\t\t\t\t\t\t\t<\/a>\n\t\t\t\t\t\t\t<\/div>\n\t\t\t\t<\/div>\n\t\t\t\t\t<\/div>\n\t\t<\/div>\n\t\t\t\t<div class=\"elementor-column elementor-col-33 elementor-inner-column elementor-element elementor-element-f9875e5\" data-id=\"f9875e5\" data-element_type=\"column\">\n\t\t\t<div class=\"elementor-widget-wrap elementor-element-populated\">\n\t\t\t\t\t\t<div class=\"elementor-element elementor-element-490440e elementor-widget elementor-widget-ld_fancy_image\" data-id=\"490440e\" data-element_type=\"widget\" data-widget_type=\"ld_fancy_image.default\">\n\t\t\t\t<div class=\"elementor-widget-container\">\n\t\t\t\t\t\n\t\t<div class=\"lqd-imggrp-single d-block pos-rel \">\n\t\t\t<div class=\"lqd-imggrp-img-container d-inline-flex pos-rel align-items-center justify-content-center \">\n\t\t\t\t\t\t\t\t<figure class=\"w-100 pos-rel\">\n\t\t\t\t\t<img decoding=\"async\" width=\"416\" height=\"416\" src=\"https:\/\/gaiadentalclinic.com\/fr\/wp-content\/uploads\/2025\/09\/berkdt.png\" class=\"attachment-full size-full wp-image-8752\" alt=\"\" srcset=\"https:\/\/gaiadentalclinic.com\/fr\/wp-content\/uploads\/2025\/09\/berkdt.png 416w, https:\/\/gaiadentalclinic.com\/fr\/wp-content\/uploads\/2025\/09\/berkdt-300x300.png 300w, https:\/\/gaiadentalclinic.com\/fr\/wp-content\/uploads\/2025\/09\/berkdt-150x150.png 150w, https:\/\/gaiadentalclinic.com\/fr\/wp-content\/uploads\/2025\/09\/berkdt-320x320.png 320w, https:\/\/gaiadentalclinic.com\/fr\/wp-content\/uploads\/2025\/09\/berkdt-60x60.png 60w, https:\/\/gaiadentalclinic.com\/fr\/wp-content\/uploads\/2025\/09\/berkdt-86x86.png 86w\" sizes=\"(max-width: 416px) 100vw, 416px\" \/>\t\t\t\t\t\t\t\t\t\t\t\t\t\t\t\t\t\t\t\t<a href=\"#\"   class=\"lqd-overlay lqd-fi-overlay-link lqd-cc-label-trigger\"><\/a>\t\t\t\t\t\t\t\t\t<\/figure>\n\t\t\t<\/div>\n\t\t<\/div>\n\n\t\t\t\t\t<\/div>\n\t\t\t\t<\/div>\n\t\t\t\t<div class=\"elementor-element elementor-element-34205b0 elementor-widget elementor-widget-hub_fancy_heading\" data-id=\"34205b0\" data-element_type=\"widget\" data-widget_type=\"hub_fancy_heading.default\">\n\t\t\t\t<div class=\"elementor-widget-container\">\n\t\t\t\t\t\n\t\t<div id=\"ld-fancy-heading-69df2a76e384f\" class=\"ld-fancy-heading pos-rel\">\n\t\t\t<h3 class=\"ld-fh-element d-inline-block pos-rel  elementor-heading-title lqd-highlight-classic lqd-highlight-grow-left h3\" ><a href=#  target=_self  > Dt. Berk Tiryaki<\/a><\/h3>\t\t<\/div>\n\n\t\t\t\t\t\t<\/div>\n\t\t\t\t<\/div>\n\t\t\t\t<div class=\"elementor-element elementor-element-1432bcd elementor-widget elementor-widget-hub_fancy_heading\" data-id=\"1432bcd\" data-element_type=\"widget\" data-widget_type=\"hub_fancy_heading.default\">\n\t\t\t\t<div class=\"elementor-widget-container\">\n\t\t\t\t\t\n\t\t<div id=\"ld-fancy-heading-69df2a76e3b84\" class=\"ld-fancy-heading pos-rel\">\n\t\t\t<p class=\"ld-fh-element d-inline-block pos-rel  lqd-highlight-classic lqd-highlight-grow-left p\" ><a href=#  target=_self  > Le dentiste Berk Tiryaki est n\u00e9 \u00e0 Adana en 1994. Il a effectu\u00e9 ses \u00e9tudes primaires et secondaires \u00e0 Antalya. Il a ensuite commenc\u00e9 ses \u00e9tudes de premier cycle \u00e0 la facult\u00e9 de m\u00e9decine dentaire de l'universit\u00e9 Yeni Y\u00fczy\u0131l d'Istanbul en 2012.<\/a><\/p>\t\t<\/div>\n\n\t\t\t\t\t\t<\/div>\n\t\t\t\t<\/div>\n\t\t\t\t<div class=\"elementor-element elementor-element-c71811c elementor-widget elementor-widget-hub_fancy_heading\" data-id=\"c71811c\" data-element_type=\"widget\" data-widget_type=\"hub_fancy_heading.default\">\n\t\t\t\t<div class=\"elementor-widget-container\">\n\t\t\t\t\t\n\t\t<div id=\"ld-fancy-heading-69df2a76e3eac\" class=\"ld-fancy-heading pos-rel\">\n\t\t\t<p class=\"ld-fh-element d-inline-block pos-rel  lqd-highlight-classic lqd-highlight-grow-left p\" ><a href=#  target=_self  > Dentiste<\/a><\/p>\t\t<\/div>\n\n\t\t\t\t\t\t<\/div>\n\t\t\t\t<\/div>\n\t\t\t\t<div class=\"elementor-element elementor-element-5b35571 elementor-widget elementor-widget-spacer\" data-id=\"5b35571\" data-element_type=\"widget\" data-widget_type=\"spacer.default\">\n\t\t\t\t<div class=\"elementor-widget-container\">\n\t\t\t\t\t\t\t<div class=\"elementor-spacer\">\n\t\t\t<div class=\"elementor-spacer-inner\"><\/div>\n\t\t<\/div>\n\t\t\t\t\t\t<\/div>\n\t\t\t\t<\/div>\n\t\t\t\t\t<\/div>\n\t\t<\/div>\n\t\t\t\t<div class=\"elementor-column elementor-col-33 elementor-inner-column elementor-element elementor-element-5dc7f41\" data-id=\"5dc7f41\" data-element_type=\"column\">\n\t\t\t<div class=\"elementor-widget-wrap elementor-element-populated\">\n\t\t\t\t\t\t<div class=\"elementor-element elementor-element-7554798 elementor-widget elementor-widget-ld_fancy_image\" data-id=\"7554798\" data-element_type=\"widget\" data-widget_type=\"ld_fancy_image.default\">\n\t\t\t\t<div class=\"elementor-widget-container\">\n\t\t\t\t\t\n\t\t<div class=\"lqd-imggrp-single d-block pos-rel \">\n\t\t\t<div class=\"lqd-imggrp-img-container d-inline-flex pos-rel align-items-center justify-content-center \">\n\t\t\t\t\t\t\t\t<figure class=\"w-100 pos-rel\">\n\t\t\t\t\t<img decoding=\"async\" width=\"416\" height=\"416\" src=\"https:\/\/gaiadentalclinic.com\/fr\/wp-content\/uploads\/2025\/09\/nildt.png\" class=\"attachment-full size-full wp-image-8745\" alt=\"\" srcset=\"https:\/\/gaiadentalclinic.com\/fr\/wp-content\/uploads\/2025\/09\/nildt.png 416w, https:\/\/gaiadentalclinic.com\/fr\/wp-content\/uploads\/2025\/09\/nildt-300x300.png 300w, https:\/\/gaiadentalclinic.com\/fr\/wp-content\/uploads\/2025\/09\/nildt-150x150.png 150w, https:\/\/gaiadentalclinic.com\/fr\/wp-content\/uploads\/2025\/09\/nildt-320x320.png 320w, https:\/\/gaiadentalclinic.com\/fr\/wp-content\/uploads\/2025\/09\/nildt-60x60.png 60w, https:\/\/gaiadentalclinic.com\/fr\/wp-content\/uploads\/2025\/09\/nildt-86x86.png 86w\" sizes=\"(max-width: 416px) 100vw, 416px\" \/>\t\t\t\t\t\t\t\t\t\t\t\t\t\t\t\t\t\t\t\t<a href=\"https:\/\/gaiadentalclinic.com\/tr\/dt-nisa-nil-cinar\/\" class=\"lqd-overlay lqd-fi-overlay-link lqd-cc-label-trigger\"><\/a>\t\t\t\t\t\t\t\t\t<\/figure>\n\t\t\t<\/div>\n\t\t<\/div>\n\n\t\t\t\t\t<\/div>\n\t\t\t\t<\/div>\n\t\t\t\t<div class=\"elementor-element elementor-element-1716ce7 elementor-widget elementor-widget-hub_fancy_heading\" data-id=\"1716ce7\" data-element_type=\"widget\" data-widget_type=\"hub_fancy_heading.default\">\n\t\t\t\t<div class=\"elementor-widget-container\">\n\t\t\t\t\t\n\t\t<div id=\"ld-fancy-heading-69df2a76e467d\" class=\"ld-fancy-heading pos-rel\">\n\t\t\t<h3 class=\"ld-fh-element d-inline-block pos-rel  elementor-heading-title lqd-highlight-classic lqd-highlight-grow-left h3\" ><a href=https:\/\/gaiadentalclinic.com\/tr\/dt-nisa-nil-cinar\/  target=_self  > Dt. Nisa Nil \u00c7\u0131nar<\/a><\/h3>\t\t<\/div>\n\n\t\t\t\t\t\t<\/div>\n\t\t\t\t<\/div>\n\t\t\t\t<div class=\"elementor-element elementor-element-c0d4c74 elementor-widget elementor-widget-hub_fancy_heading\" data-id=\"c0d4c74\" data-element_type=\"widget\" data-widget_type=\"hub_fancy_heading.default\">\n\t\t\t\t<div class=\"elementor-widget-container\">\n\t\t\t\t\t\n\t\t<div id=\"ld-fancy-heading-69df2a76e49ac\" class=\"ld-fancy-heading pos-rel\">\n\t\t\t<p class=\"ld-fh-element d-inline-block pos-rel  lqd-highlight-classic lqd-highlight-grow-left p\" ><a href=https:\/\/gaiadentalclinic.com\/tr\/dt-nisa-nil-cinar\/  target=_self  > La dentiste Nisa Nil \u00c7inar a obtenu son dipl\u00f4me de l'Universit\u00e9 Atat\u00fcrk en 2021. Elle a travaill\u00e9 dans des cliniques priv\u00e9es et travaille \u00e0 la clinique de sant\u00e9 bucco-dentaire Gaia depuis 2024.<\/a><\/p>\t\t<\/div>\n\n\t\t\t\t\t\t<\/div>\n\t\t\t\t<\/div>\n\t\t\t\t<div class=\"elementor-element elementor-element-a596d6e elementor-widget elementor-widget-hub_fancy_heading\" data-id=\"a596d6e\" data-element_type=\"widget\" data-widget_type=\"hub_fancy_heading.default\">\n\t\t\t\t<div class=\"elementor-widget-container\">\n\t\t\t\t\t\n\t\t<div id=\"ld-fancy-heading-69df2a76e4cd5\" class=\"ld-fancy-heading pos-rel\">\n\t\t\t<p class=\"ld-fh-element d-inline-block pos-rel  lqd-highlight-classic lqd-highlight-grow-left p\" ><a href=https:\/\/gaiadentalclinic.com\/tr\/dt-nisa-nil-cinar\/  target=_self  > Dentiste<\/a><\/p>\t\t<\/div>\n\n\t\t\t\t\t\t<\/div>\n\t\t\t\t<\/div>\n\t\t\t\t<div class=\"elementor-element elementor-element-6f0cc61 elementor-widget elementor-widget-spacer\" data-id=\"6f0cc61\" data-element_type=\"widget\" data-widget_type=\"spacer.default\">\n\t\t\t\t<div class=\"elementor-widget-container\">\n\t\t\t\t\t\t\t<div class=\"elementor-spacer\">\n\t\t\t<div class=\"elementor-spacer-inner\"><\/div>\n\t\t<\/div>\n\t\t\t\t\t\t<\/div>\n\t\t\t\t<\/div>\n\t\t\t\t\t<\/div>\n\t\t<\/div>\n\t\t\t\t\t<\/div>\n\t\t<\/section>\n\t\t\t\t<section class=\"elementor-section elementor-inner-section elementor-element elementor-element-eec3ee2 elementor-section-boxed elementor-section-height-default elementor-section-height-default\" data-id=\"eec3ee2\" data-element_type=\"section\">\n\t\t\t\t\t\t<div class=\"elementor-container elementor-column-gap-no\">\n\t\t\t\t\t<div class=\"elementor-column elementor-col-100 elementor-inner-column elementor-element elementor-element-ba0b853\" data-id=\"ba0b853\" data-element_type=\"column\">\n\t\t\t<div class=\"elementor-widget-wrap\">\n\t\t\t\t\t\t\t<\/div>\n\t\t<\/div>\n\t\t\t\t\t<\/div>\n\t\t<\/section>\n\t\t\t\t\t<\/div>\n\t\t<\/div>\n\t\t\t\t\t<\/div>\n\t\t<\/section>\n\t\t\t\t\t<\/div>\n\t\t<\/div>\n\t\t\t\t\t<\/div>\n\t\t<\/section>\n\t\t\t\t<\/div>\n\t\t","protected":false},"excerpt":{"rendered":"<p>Nos m\u00e9decins Dt. Sevgi Budancamanak N\u00e9e \u00e0 Bing\u00f6l en 1989, le Dr Sevgi y a effectu\u00e9 sa scolarit\u00e9 primaire et secondaire. En 2013, elle a obtenu son dipl\u00f4me de la facult\u00e9 de m\u00e9decine dentaire de l&#8217;Universit\u00e9 du Proche-Orient \u00e0 Chypre gr\u00e2ce \u00e0 une bourse d&#8217;\u00e9tudes compl\u00e8te. Dentiste Dt. Berk Tiryaki Le dentiste Berk Tiryaki est [&hellip;]<\/p>\n","protected":false},"author":1,"featured_media":0,"parent":0,"menu_order":0,"comment_status":"closed","ping_status":"closed","template":"","meta":{"footnotes":""},"class_list":["post-8651","page","type-page","status-publish","hentry"],"_links":{"self":[{"href":"https:\/\/gaiadentalclinic.com\/fr\/wp-json\/wp\/v2\/pages\/8651","targetHints":{"allow":["GET"]}}],"collection":[{"href":"https:\/\/gaiadentalclinic.com\/fr\/wp-json\/wp\/v2\/pages"}],"about":[{"href":"https:\/\/gaiadentalclinic.com\/fr\/wp-json\/wp\/v2\/types\/page"}],"author":[{"embeddable":true,"href":"https:\/\/gaiadentalclinic.com\/fr\/wp-json\/wp\/v2\/users\/1"}],"replies":[{"embeddable":true,"href":"https:\/\/gaiadentalclinic.com\/fr\/wp-json\/wp\/v2\/comments?post=8651"}],"version-history":[{"count":71,"href":"https:\/\/gaiadentalclinic.com\/fr\/wp-json\/wp\/v2\/pages\/8651\/revisions"}],"predecessor-version":[{"id":9400,"href":"https:\/\/gaiadentalclinic.com\/fr\/wp-json\/wp\/v2\/pages\/8651\/revisions\/9400"}],"wp:attachment":[{"href":"https:\/\/gaiadentalclinic.com\/fr\/wp-json\/wp\/v2\/media?parent=8651"}],"curies":[{"name":"wp","href":"https:\/\/api.w.org\/{rel}","templated":true}]}}