{"id":6715,"date":"2023-03-01T23:46:23","date_gmt":"2023-03-01T20:46:23","guid":{"rendered":"https:\/\/gaiadentalclinic.com\/tr\/?page_id=6715"},"modified":"2025-12-29T20:26:59","modified_gmt":"2025-12-29T17:26:59","slug":"iletisim","status":"publish","type":"page","link":"https:\/\/gaiadentalclinic.com\/tr\/iletisim\/","title":{"rendered":"\u0130leti\u015fim"},"content":{"rendered":"\t\t<div data-elementor-type=\"wp-page\" data-elementor-id=\"6715\" class=\"elementor elementor-6715\" data-elementor-post-type=\"page\">\n\t\t\t\t\t\t<section class=\"elementor-section elementor-top-section elementor-element elementor-element-2a4c74c elementor-section-height-min-height elementor-section-items-stretch elementor-section-boxed elementor-section-height-default\" data-id=\"2a4c74c\" data-element_type=\"section\" data-settings=\"{&quot;background_background&quot;:&quot;gradient&quot;}\">\n\t\t\t\t\t\t\t<div class=\"elementor-background-overlay\"><\/div>\n\t\t\t\t\t\t\t<div class=\"elementor-container elementor-column-gap-default\">\n\t\t\t\t\t<div data-parallax=\"true\" data-parallax-options=\"{&quot;ease&quot;:[&quot;linear&quot;],&quot;start&quot;:&quot;top top&quot;,&quot;end&quot;:&quot;bottom+=0px top&quot;}\" data-parallax-from=\"{&quot;y&quot;:&quot;0px&quot;,&quot;opacity&quot;:1}\" data-parallax-to=\"{&quot;y&quot;:&quot;-100px&quot;,&quot;opacity&quot;:0}\" data-custom-animations=\"true\" data-ca-options=\"{&quot;addChildTimelines&quot;:false,&quot;animationTarget&quot;:&quot;:scope &gt; .elementor-widget-wrap &gt; .elementor-element &gt; .elementor-widget-container, :scope &gt; .elementor-widget-wrap &gt; .elementor-section &gt; .elementor-container &gt; .elementor-column &gt; .elementor-widget-wrap &gt; .elementor-element:not(.lqd-el-has-inner-anim) &gt; .elementor-widget-container, :scope &gt; .elementor-widget-wrap &gt; .elementor-widget-hub_fancy_heading .lqd-split-lines .lqd-lines .split-inner, :scope &gt; .elementor-widget-wrap &gt; .elementor-widget-hub_fancy_heading .lqd-split-words .lqd-words .split-inner, :scope &gt; .elementor-widget-wrap &gt; .elementor-widget-hub_fancy_heading .lqd-split-chars .lqd-chars .split-inner, :scope &gt; .elementor-widget-wrap &gt; .elementor-widget-ld_custom_menu .lqd-fancy-menu &gt; ul &gt; li&quot;,&quot;duration&quot;:1000,&quot;delay&quot;:15,&quot;ease&quot;:[&quot;power4.out&quot;],&quot;initValues&quot;:{&quot;y&quot;:&quot;60px&quot;,&quot;opacity&quot;:0,&quot;transformOrigin&quot;:&quot;65% 50% 0px&quot;},&quot;animations&quot;:{&quot;y&quot;:&quot;0px&quot;,&quot;opacity&quot;:1,&quot;transformOrigin&quot;:&quot;50% 50% 0px&quot;}}\" class=\"elementor-column elementor-col-100 elementor-top-column elementor-element elementor-element-1af9469\" data-id=\"1af9469\" data-element_type=\"column\">\n\t\t\t<div class=\"elementor-widget-wrap elementor-element-populated\">\n\t\t\t\t\t\t<div class=\"elementor-element elementor-element-aa16ace elementor-widget elementor-widget-hub_fancy_heading\" data-id=\"aa16ace\" data-element_type=\"widget\" data-widget_type=\"hub_fancy_heading.default\">\n\t\t\t\t<div class=\"elementor-widget-container\">\n\t\t\t\t\t\n\t\t<div id=\"ld-fancy-heading-69df4298cdef9\" class=\"ld-fancy-heading pos-rel\">\n\t\t\t<h1 class=\"ld-fh-element d-inline-block pos-rel  elementor-heading-title lqd-highlight-classic lqd-highlight-grow-left h1\"  > \u0130leti\u015fim<\/h1>\t\t<\/div>\n\n\t\t\t\t\t\t<\/div>\n\t\t\t\t<\/div>\n\t\t\t\t<div class=\"elementor-element elementor-element-282a588 elementor-absolute elementor-widget elementor-widget-ld_button\" data-id=\"282a588\" data-element_type=\"widget\" data-settings=\"{&quot;_position&quot;:&quot;absolute&quot;}\" data-widget_type=\"ld_button.default\">\n\t\t\t\t<div class=\"elementor-widget-container\">\n\t\t\t\t\t\n\t\t\t<a \n\t\t\t\tclass=\"elementor-button btn btn-naked btn-icon-block btn-icon-top btn-icon-circle btn-icon-lg btn-icon-shaped btn-icon-solid btn-icon-ripple btn-no-label\" data-localscroll=\"1\" data-localscroll-options=\"{&quot;scrollBelowSection&quot;:true}\" href=\"#\"\t\t\t>\n\t\t\t\t\t\t\t\t\t\t\t\t\t\t<span class=\"btn-icon\">\n\t\t\t\t\t\t\t<i aria-hidden=\"true\" class=\"lqd-icn-ess icon-ion-ios-arrow-down\"><\/i>\t\t\t\t\t\t<\/span>\n\t\t\t\t\t\t\t\t\t<\/a>\n\t\t\t\t\t\t\t<\/div>\n\t\t\t\t<\/div>\n\t\t\t\t\t<\/div>\n\t\t<\/div>\n\t\t\t\t\t<\/div>\n\t\t<\/section>\n\t\t\t\t<section class=\"elementor-section elementor-top-section elementor-element elementor-element-53b68172 elementor-section-boxed elementor-section-height-default elementor-section-height-default\" data-id=\"53b68172\" data-element_type=\"section\">\n\t\t\t\t\t\t<div class=\"elementor-container elementor-column-gap-default\">\n\t\t\t\t\t<div class=\"elementor-column elementor-col-50 elementor-top-column elementor-element elementor-element-2d5d07a2\" data-id=\"2d5d07a2\" data-element_type=\"column\">\n\t\t\t<div class=\"elementor-widget-wrap elementor-element-populated\">\n\t\t\t\t\t\t<div class=\"elementor-element elementor-element-38f4c602 elementor-widget elementor-widget-hub_fancy_heading\" data-id=\"38f4c602\" data-element_type=\"widget\" data-widget_type=\"hub_fancy_heading.default\">\n\t\t\t\t<div class=\"elementor-widget-container\">\n\t\t\t\t\t\n\t\t<div id=\"ld-fancy-heading-69df4298ce80b\" class=\"ld-fancy-heading pos-rel\">\n\t\t\t<h2 class=\"ld-fh-element d-inline-block pos-rel  elementor-heading-title lqd-highlight-classic lqd-highlight-grow-left h2\"  > HAD\u0130 KONU\u015eALIM<\/h2>\t\t<\/div>\n\n\t\t\t\t\t\t<\/div>\n\t\t\t\t<\/div>\n\t\t\t\t<div class=\"elementor-element elementor-element-1b6d9684 elementor-widget elementor-widget-hub_fancy_heading\" data-id=\"1b6d9684\" data-element_type=\"widget\" data-widget_type=\"hub_fancy_heading.default\">\n\t\t\t\t<div class=\"elementor-widget-container\">\n\t\t\t\t\t\n\t\t<div id=\"ld-fancy-heading-69df4298ceb4e\" class=\"ld-fancy-heading pos-rel\">\n\t\t\t<p class=\"ld-fh-element d-inline-block pos-rel  lqd-highlight-classic lqd-highlight-grow-left p\"  > \u0130htiya\u00e7lar\u0131n\u0131z\u0131 belirleyin ve en uygun tedaviler i\u00e7in bizimle ileti\u015fime ge\u00e7in.\n<\/p>\t\t<\/div>\n\n\t\t\t\t\t\t<\/div>\n\t\t\t\t<\/div>\n\t\t\t\t<div class=\"elementor-element elementor-element-37ef533 elementor-widget elementor-widget-hub_fancy_heading\" data-id=\"37ef533\" data-element_type=\"widget\" data-widget_type=\"hub_fancy_heading.default\">\n\t\t\t\t<div class=\"elementor-widget-container\">\n\t\t\t\t\t\n\t\t<div id=\"ld-fancy-heading-69df4298cee8d\" class=\"ld-fancy-heading pos-rel\">\n\t\t\t<p class=\"ld-fh-element d-inline-block pos-rel  lqd-highlight-custom lqd-highlight-custom-1 p\"  data-inview=\"true\" data-transition-delay=\"true\" data-delay-options=\"{&quot;elements&quot;:&quot;.lqd-highlight-inner&quot;,&quot;delayType&quot;:&quot;transition&quot;}\" > <mark class=\"lqd-highlight\"><span class=\"lqd-highlight-txt\"  >G\u00fcl\u00fc\u015f\u00fcn mucizelere gebe<\/span><span class=\"lqd-highlight-inner\"><svg class=\"lqd-highlight-brush-svg lqd-highlight-brush-svg-1\" xmlns=\"http:\/\/www.w3.org\/2000\/svg\" width=\"235.509\" height=\"13.504\" viewBox=\"0 0 235.509 13.504\" aria-hidden=\"true\" preserveAspectRatio=\"none\"><path d=\"M163,.383a13.044,13.044,0,0,1,1.517-.072,3.528,3.528,0,0,1,1.237-.134q.618.044,1.237.044a.249.249,0,0,1-.1.178.337.337,0,0,0-.1.266q3.092.088,6.184-.044T178.953.4l-.206-.088a12,12,0,0,0,4.123,0,13.467,13.467,0,0,1,5.772,0q1.443-.178,2.68-.266A5.978,5.978,0,0,1,193.8.4,16.707,16.707,0,0,1,198.01.045q2.164.088,4.844.088-.618.088-.824.134L201.412.4a3.893,3.893,0,0,0,2.061,0,5.413,5.413,0,0,1,1.649-.356q.618.088,1.134.178a9.762,9.762,0,0,0,1.544.09,17,17,0,0,1,3.092-.266q1.649,0,3.5.178,2.886.088,5.875.044t5.875-.222q0,.088.206.088h.412a21.975,21.975,0,0,0,2.577.889A12.458,12.458,0,0,1,232.12,2.18a3.962,3.962,0,0,1,1.031.622A3.349,3.349,0,0,1,234.8,3.825a5.079,5.079,0,0,1,.618,1.111q.412.534-1.031.98-1.031.444-.618.98a2.09,2.09,0,0,1,.206.889q0,.444.825.889.618.8-.206,1.245l-1.237.534q-1.443-.088-2.68-.134a17.255,17.255,0,0,1-2.267-.222,3.128,3.128,0,0,0-.928-.044,3.129,3.129,0,0,1-.928-.044q-2.267-.178-4.432-.266T217.7,9.476q-1.649-.088-2.886-.088a17.343,17.343,0,0,1-2.474-.178q-3.916,0-7.73-.088t-7.73-.266l-12.471-.178q-6.287-.088-12.883-.088h-1.958q-.928,0-1.958.088h-2.061q-1.031,0-2.061-.088-2.68-.088-5.256-.134t-5.256.044h-5.462q-2.577,0-5.462.088-4.535.088-8.76.178t-8.554.088q-2.886.088-5.875.088t-5.875.088q-1.443.088-2.886.134t-3.092.044q-4.741.178-9.791.312t-9.791.312q-2.267.088-4.329.088T78.77,10.1q-4.329.266-8.863.49t-9.276.49q-1.237.088-2.68.134a24.356,24.356,0,0,0-2.683.224q-2.68.178-5.462.312t-5.668.4q-2.474.266-4.741.312t-4.741.044q-1.031-.088-1.958-.134a9.684,9.684,0,0,1-1.958-.312,12.5,12.5,0,0,0-1.443-.312q-.825-.134-1.856-.31-2.886.356-6.39.666t-6.8.845a26.709,26.709,0,0,1-2.886.356,20.758,20.758,0,0,1-9.482-.889Q.232,11.962.026,11.25T1.263,9.917q0-.266.825-.266a13.039,13.039,0,0,0,2.886-.444A17.187,17.187,0,0,1,7.86,8.672q3.092-.266,6.184-.8,1.649-.178,3.3-.312t3.5-.312q4.123-.354,8.039-.712t8.039-.622q9.478-.8,18.758-1.338,2.68-.178,5.153-.356t4.741-.356q2.474-.178,5.05-.356T75.88,3.24h1.34a4.829,4.829,0,0,0,1.34-.178q2.267-.178,4.329-.222t4.329-.134a7.256,7.256,0,0,1,2.267,0,3.459,3.459,0,0,0,1.031-.088,6.009,6.009,0,0,1,2.37-.266,14.745,14.745,0,0,0,2.783-.088q1.649,0,2.474.088a1.308,1.308,0,0,1,.185.011,1.226,1.226,0,0,1,.33-.1,3.656,3.656,0,0,0,.515-.088,4.433,4.433,0,0,1,2.886.266q.412-.088,1.031-.178l1.237-.178q.412,0,1.031.044a5.761,5.761,0,0,0,1.237-.044q2.886-.088,5.772-.044a53.829,53.829,0,0,0,5.772-.222,9.505,9.505,0,0,1,1.34-.088h1.34a4.428,4.428,0,0,1,.821-.258l.825-.178a15.178,15.178,0,0,1,1.855.444,3.028,3.028,0,0,1,1.031-.534,4.039,4.039,0,0,1,1.443-.178,6.158,6.158,0,0,1,1.649.178,5.05,5.05,0,0,0,2.267.268q1.855-.088,3.813-.134T138.13,1.2q1.031,0,2.164-.044t2.37-.044q-.206-.088.412-.534h3.092q.412,0,.309.266t.928,0a5.845,5.845,0,0,1,1.443,0,31.833,31.833,0,0,0,5.359.088,21.471,21.471,0,0,1,6.8.178,5.236,5.236,0,0,0,1.031-.4q.412-.222.825-.4a.694.694,0,0,1,.137.07Z\" transform=\"translate(0 0.002)\"\/><\/svg><\/span><\/mark> <\/p>\t\t<\/div>\n\n\t\t\t\t\t\t<\/div>\n\t\t\t\t<\/div>\n\t\t\t\t<div class=\"elementor-element elementor-element-694c68ac elementor-align-left elementor-widget elementor-widget-ld_icon_box\" data-id=\"694c68ac\" data-element_type=\"widget\" data-widget_type=\"ld_icon_box.default\">\n\t\t\t\t<div class=\"elementor-widget-container\">\n\t\t\t\t\t\n\t\t\t<div id=\"ld_icon_box_694c68ac\" class=\"iconbox d-flex flex-grow-1 pos-rel flex-wrap align-items-center iconbox-inline\"   >\n\t\t\t\t\n\t\t\t\t\t\n\t\t\t\t\n\t\t\t\t<div class=\"iconbox-icon-wrap  \"><div class=\"iconbox-icon-container d-inline-flex   \"><i aria-hidden=\"true\" class=\"fas fa-map-marked-alt\"><\/i><\/div><\/div>\t\t\t\t\n\t\t\t\t<h3 class=\"lqd-iconbox-heading \" >Merkez Mahallesi Ilg\u0131n Sokak No:1A Ka\u011f\u0131thane \/ \u0130stanbul (Nef11 office D Blok) <\/h3>\t\t\t\t\n\t\t\t\t\t\t\t\t\n\t\t\t\t\t\t\t\t\n\t\t\t\t\t\t\t\t<p><\/p>\n\t\t\t\t\t\t\t\t\n\t\t\t\t\t\t\t\t\n\t\t\t\t<a href=\"https:\/\/www.google.com\/maps\/place\/Gaia+A%C4%9F%C4%B1z+ve+Di%C5%9F+Sa%C4%9Fl%C4%B1%C4%9F%C4%B1+Poliklini%C4%9Fi\/@41.0823976,28.9813896,15z\/data=!4m6!3m5!1s0x14cab7eb492b68db:0xd0bb947f5b4fbd3b!8m2!3d41.0823976!4d28.9813896!16s%2Fg%2F11v3j5t12w?sa=X&amp;ved=2ahUKEwia6cPZ3MKAAxXr7rsIHWevA10Q_BJ6BAhMEAA&amp;ved=2ahUKEwia6cPZ3MKAAxXr7rsIHWevA10Q_BJ6BAhcEAc&amp;entry=tts&amp;shorturl=1\" class=\"lqd-overlay z-index-2\" target=\"_blank&quot;\" rel=\"nofollow noopener\"><\/a>\n\t\t\t<\/div>\n\n\t\t\t\t\t\t<\/div>\n\t\t\t\t<\/div>\n\t\t\t\t<div class=\"elementor-element elementor-element-42fdcee9 elementor-align-left elementor-widget elementor-widget-ld_icon_box\" data-id=\"42fdcee9\" data-element_type=\"widget\" data-widget_type=\"ld_icon_box.default\">\n\t\t\t\t<div class=\"elementor-widget-container\">\n\t\t\t\t\t\n\t\t\t<div id=\"ld_icon_box_42fdcee9\" class=\"iconbox d-flex flex-grow-1 pos-rel flex-wrap align-items-center iconbox-inline\"   >\n\t\t\t\t\n\t\t\t\t\t\n\t\t\t\t\n\t\t\t\t<div class=\"iconbox-icon-wrap  \"><div class=\"iconbox-icon-container d-inline-flex   \"><i aria-hidden=\"true\" class=\"fas fa-envelope\"><\/i><\/div><\/div>\t\t\t\t\n\t\t\t\t<h3 class=\"lqd-iconbox-heading \" >info@gaiadentalclinic.com\n <\/h3>\t\t\t\t\n\t\t\t\t\t\t\t\t\n\t\t\t\t\t\t\t\t\n\t\t\t\t\t\t\t\t<p><\/p>\n\t\t\t\t\t\t\t\t\n\t\t\t\t\t\t\t\t\n\t\t\t\t<a href=\"mailto:info@gaiadentalclinic.com\" class=\"lqd-overlay z-index-2\" target=\"_blank&quot;\" rel=\"nofollow\"><\/a>\n\t\t\t<\/div>\n\n\t\t\t\t\t\t<\/div>\n\t\t\t\t<\/div>\n\t\t\t\t<div class=\"elementor-element elementor-element-44b4f7d9 elementor-align-left elementor-widget elementor-widget-ld_icon_box\" data-id=\"44b4f7d9\" data-element_type=\"widget\" data-widget_type=\"ld_icon_box.default\">\n\t\t\t\t<div class=\"elementor-widget-container\">\n\t\t\t\t\t\n\t\t\t<div id=\"ld_icon_box_44b4f7d9\" class=\"iconbox d-flex flex-grow-1 pos-rel flex-wrap align-items-center iconbox-inline\"   >\n\t\t\t\t\n\t\t\t\t\t\n\t\t\t\t\n\t\t\t\t<div class=\"iconbox-icon-wrap  \"><div class=\"iconbox-icon-container d-inline-flex   \"><i aria-hidden=\"true\" class=\"fas fa-phone-alt\"><\/i><\/div><\/div>\t\t\t\t\n\t\t\t\t<h3 class=\"lqd-iconbox-heading \" >+90 543 916 9520 <\/h3>\t\t\t\t\n\t\t\t\t\t\t\t\t\n\t\t\t\t\t\t\t\t\n\t\t\t\t\t\t\t\t<p><\/p>\n\t\t\t\t\t\t\t\t\n\t\t\t\t\t\t\t\t\n\t\t\t\t<a href=\"tel:+905439169520\" class=\"lqd-overlay z-index-2\" target=\"_blank&quot;\" rel=\"nofollow\"><\/a>\n\t\t\t<\/div>\n\n\t\t\t\t\t\t<\/div>\n\t\t\t\t<\/div>\n\t\t\t\t<div class=\"elementor-element elementor-element-51b8b8d elementor-align-left elementor-widget elementor-widget-ld_icon_box\" data-id=\"51b8b8d\" data-element_type=\"widget\" data-widget_type=\"ld_icon_box.default\">\n\t\t\t\t<div class=\"elementor-widget-container\">\n\t\t\t\t\t\n\t\t\t<div id=\"ld_icon_box_51b8b8d\" class=\"iconbox d-flex flex-grow-1 pos-rel flex-wrap align-items-center iconbox-inline\"   >\n\t\t\t\t\n\t\t\t\t\t\n\t\t\t\t\n\t\t\t\t<div class=\"iconbox-icon-wrap  \"><div class=\"iconbox-icon-container d-inline-flex   \"><i aria-hidden=\"true\" class=\"fas fa-phone-alt\"><\/i><\/div><\/div>\t\t\t\t\n\t\t\t\t<h3 class=\"lqd-iconbox-heading \" >+90 212 813 71 83 <\/h3>\t\t\t\t\n\t\t\t\t\t\t\t\t\n\t\t\t\t\t\t\t\t\n\t\t\t\t\t\t\t\t<p><\/p>\n\t\t\t\t\t\t\t\t\n\t\t\t\t\t\t\t\t\n\t\t\t\t<a href=\"tel:+902128137183\" class=\"lqd-overlay z-index-2\" target=\"_blank&quot;\" rel=\"nofollow\"><\/a>\n\t\t\t<\/div>\n\n\t\t\t\t\t\t<\/div>\n\t\t\t\t<\/div>\n\t\t\t\t\t<\/div>\n\t\t<\/div>\n\t\t\t\t<div class=\"elementor-column elementor-col-50 elementor-top-column elementor-element elementor-element-faa7e1b\" data-id=\"faa7e1b\" data-element_type=\"column\">\n\t\t\t<div class=\"elementor-widget-wrap elementor-element-populated\">\n\t\t\t\t\t\t<section class=\"elementor-section elementor-inner-section elementor-element elementor-element-1a078d02 elementor-section-boxed elementor-section-height-default elementor-section-height-default\" data-id=\"1a078d02\" data-element_type=\"section\" data-settings=\"{&quot;background_background&quot;:&quot;classic&quot;}\">\n\t\t\t\t\t\t<div class=\"elementor-container elementor-column-gap-default\">\n\t\t\t\t\t<div class=\"elementor-column elementor-col-100 elementor-inner-column elementor-element elementor-element-34e21f67\" data-id=\"34e21f67\" data-element_type=\"column\">\n\t\t\t<div class=\"elementor-widget-wrap elementor-element-populated\">\n\t\t\t\t\t\t<div class=\"elementor-element elementor-element-6ea17dd0 elementor-widget elementor-widget-hub_fancy_heading\" data-id=\"6ea17dd0\" data-element_type=\"widget\" data-widget_type=\"hub_fancy_heading.default\">\n\t\t\t\t<div class=\"elementor-widget-container\">\n\t\t\t\t\t\n\t\t<div id=\"ld-fancy-heading-69df4298d09fa\" class=\"ld-fancy-heading pos-rel\">\n\t\t\t<h6 class=\"ld-fh-element d-inline-block pos-rel  elementor-heading-title lqd-highlight-classic lqd-highlight-grow-left h6\"  > Mesaj G\u00f6nderin<\/h6>\t\t<\/div>\n\n\t\t\t\t\t\t<\/div>\n\t\t\t\t<\/div>\n\t\t\t\t<div class=\"elementor-element elementor-element-17e8968a elementor-widget elementor-widget-ld_cf722\" data-id=\"17e8968a\" data-element_type=\"widget\" data-widget_type=\"ld_cf722.default\">\n\t\t\t\t<div class=\"elementor-widget-container\">\n\t\t\t\t\t\n\t<div class=\"lqd-contact-form lqd-contact-form-inputs-filled   lqd-contact-form-button-block  lqd-contact-form-button-lg lqd-contact-form-button-round  \">\n\t\t\n<div class=\"wpcf7 no-js\" id=\"wpcf7-f5799-o1\" lang=\"en-US\" dir=\"ltr\">\n<div class=\"screen-reader-response\"><p role=\"status\" aria-live=\"polite\" aria-atomic=\"true\"><\/p> <ul><\/ul><\/div>\n<form action=\"\/tr\/wp-json\/wp\/v2\/pages\/6715#wpcf7-f5799-o1\" method=\"post\" class=\"wpcf7-form init\" aria-label=\"Contact form\" enctype=\"multipart\/form-data\" novalidate=\"novalidate\" data-status=\"init\">\n<div style=\"display: none;\">\n<input type=\"hidden\" name=\"_wpcf7\" value=\"5799\" \/>\n<input type=\"hidden\" name=\"_wpcf7_version\" value=\"5.8\" \/>\n<input type=\"hidden\" name=\"_wpcf7_locale\" value=\"en_US\" \/>\n<input type=\"hidden\" name=\"_wpcf7_unit_tag\" value=\"wpcf7-f5799-o1\" \/>\n<input type=\"hidden\" name=\"_wpcf7_container_post\" value=\"0\" \/>\n<input type=\"hidden\" name=\"_wpcf7_posted_data_hash\" value=\"\" \/>\n<\/div>\n<p><span class=\"wpcf7-form-control-wrap\" data-name=\"your-name\"><input size=\"40\" class=\"wpcf7-form-control wpcf7-text wpcf7-validates-as-required\" aria-required=\"true\" aria-invalid=\"false\" placeholder=\"\u0130sminiz nedir?\" value=\"\" type=\"text\" name=\"your-name\" \/><\/span><br \/>\n<span class=\"wpcf7-form-control-wrap\" data-name=\"your-email\"><input size=\"40\" class=\"wpcf7-form-control wpcf7-email wpcf7-validates-as-required wpcf7-text wpcf7-validates-as-email\" aria-required=\"true\" aria-invalid=\"false\" placeholder=\"E-posta adresinizi giriniz\" value=\"\" type=\"email\" name=\"your-email\" \/><\/span><br \/>\n<span class=\"wpcf7-form-control-wrap tel-381\"><input class=\"wpcf7-form-control wpcf7-tel wpcf7-validates-as-required wpcf7-validates-as-tel\" aria-required=\"true\" aria-invalid=\"false\" placeholder=\"Telefon Numaran\u0131z\" value=\"\" type=\"tel\" name=\"tel-381_hide\" data-name=\"tel-381\"  data-pre=\"\" data-excludeCountries=\"\" data-onlyct=\"\" data-defcountry=\"\" data-auto=\"1\" data-validation=\"1\" \/><\/span><br \/>\n<span class=\"wpcf7-form-control-wrap\" data-name=\"file-510\"><input size=\"40\" class=\"wpcf7-form-control wpcf7-file\" accept=\"audio\/*,video\/*,image\/*\" aria-invalid=\"false\" type=\"file\" name=\"file-510\" \/><\/span><br \/>\n<span class=\"wpcf7-form-control-wrap\" data-name=\"your-message\"><textarea cols=\"10\" rows=\"6\" class=\"wpcf7-form-control wpcf7-textarea\" aria-invalid=\"false\" placeholder=\"Mesaj\u0131n\u0131z\u0131 giriniz\" name=\"your-message\"><\/textarea><\/span><br \/>\n<input class=\"wpcf7-form-control wpcf7-submit has-spinner\" type=\"submit\" value=\"Mesaj G\u00f6nderin\" \/>\n<\/p><div class=\"wpcf7-response-output\" aria-hidden=\"true\"><\/div>\n<\/form>\n<\/div>\n\t<\/div>\n\n\t\t\t\t\t<\/div>\n\t\t\t\t<\/div>\n\t\t\t\t\t<\/div>\n\t\t<\/div>\n\t\t\t\t\t<\/div>\n\t\t<\/section>\n\t\t\t\t\t<\/div>\n\t\t<\/div>\n\t\t\t\t\t<\/div>\n\t\t<\/section>\n\t\t\t\t<section class=\"elementor-section elementor-top-section elementor-element elementor-element-f2d6e71 elementor-section-boxed elementor-section-height-default elementor-section-height-default\" data-id=\"f2d6e71\" data-element_type=\"section\">\n\t\t\t\t\t\t<div class=\"elementor-container elementor-column-gap-default\">\n\t\t\t\t\t<div class=\"elementor-column elementor-col-100 elementor-top-column elementor-element elementor-element-2ac85d5\" data-id=\"2ac85d5\" data-element_type=\"column\">\n\t\t\t<div class=\"elementor-widget-wrap elementor-element-populated\">\n\t\t\t\t\t\t<section class=\"elementor-section elementor-inner-section elementor-element elementor-element-0bcf4da elementor-section-boxed elementor-section-height-default elementor-section-height-default\" data-id=\"0bcf4da\" data-element_type=\"section\" data-settings=\"{&quot;background_background&quot;:&quot;classic&quot;}\">\n\t\t\t\t\t\t<div class=\"elementor-container elementor-column-gap-default\">\n\t\t\t\t\t<div class=\"elementor-column elementor-col-100 elementor-inner-column elementor-element elementor-element-524522e\" data-id=\"524522e\" data-element_type=\"column\">\n\t\t\t<div class=\"elementor-widget-wrap elementor-element-populated\">\n\t\t\t\t\t\t<div class=\"elementor-element elementor-element-1517fa9 elementor-widget elementor-widget-html\" data-id=\"1517fa9\" data-element_type=\"widget\" data-widget_type=\"html.default\">\n\t\t\t\t<div class=\"elementor-widget-container\">\n\t\t\t\t\t<iframe src=\"https:\/\/www.google.com\/maps\/embed?pb=!1m18!1m12!1m3!1d3007.3854606467753!2d28.97880297645297!3d41.08242391485545!2m3!1f0!2f0!3f0!3m2!1i1024!2i768!4f13.1!3m3!1m2!1s0x14cab6ece587bc05%3A0x7a1507923dafa781!2sGaia%20Dental%20Clinic!5e0!3m2!1str!2str!4v1733740094969!5m2!1str!2str\" width=\"100%\" height=\"450\" style=\"border:0;\" allowfullscreen=\"\" loading=\"lazy\" referrerpolicy=\"no-referrer-when-downgrade\"><\/iframe>\t\t\t\t<\/div>\n\t\t\t\t<\/div>\n\t\t\t\t\t<\/div>\n\t\t<\/div>\n\t\t\t\t\t<\/div>\n\t\t<\/section>\n\t\t\t\t\t<\/div>\n\t\t<\/div>\n\t\t\t\t\t<\/div>\n\t\t<\/section>\n\t\t\t\t<\/div>\n\t\t","protected":false},"excerpt":{"rendered":"<p>\u0130leti\u015fim HAD\u0130 KONU\u015eALIM \u0130htiya\u00e7lar\u0131n\u0131z\u0131 belirleyin ve en uygun tedaviler i\u00e7in bizimle ileti\u015fime ge\u00e7in. G\u00fcl\u00fc\u015f\u00fcn mucizelere gebe Merkez Mahallesi Ilg\u0131n Sokak No:1A Ka\u011f\u0131thane \/ \u0130stanbul (Nef11 office D Blok) info@gaiadentalclinic.com +90 543 916 9520 +90 212 813 71 83 Mesaj G\u00f6nderin<\/p>\n","protected":false},"author":1,"featured_media":0,"parent":0,"menu_order":0,"comment_status":"closed","ping_status":"closed","template":"","meta":{"footnotes":""},"class_list":["post-6715","page","type-page","status-publish","hentry"],"_links":{"self":[{"href":"https:\/\/gaiadentalclinic.com\/tr\/wp-json\/wp\/v2\/pages\/6715","targetHints":{"allow":["GET"]}}],"collection":[{"href":"https:\/\/gaiadentalclinic.com\/tr\/wp-json\/wp\/v2\/pages"}],"about":[{"href":"https:\/\/gaiadentalclinic.com\/tr\/wp-json\/wp\/v2\/types\/page"}],"author":[{"embeddable":true,"href":"https:\/\/gaiadentalclinic.com\/tr\/wp-json\/wp\/v2\/users\/1"}],"replies":[{"embeddable":true,"href":"https:\/\/gaiadentalclinic.com\/tr\/wp-json\/wp\/v2\/comments?post=6715"}],"version-history":[{"count":35,"href":"https:\/\/gaiadentalclinic.com\/tr\/wp-json\/wp\/v2\/pages\/6715\/revisions"}],"predecessor-version":[{"id":9074,"href":"https:\/\/gaiadentalclinic.com\/tr\/wp-json\/wp\/v2\/pages\/6715\/revisions\/9074"}],"wp:attachment":[{"href":"https:\/\/gaiadentalclinic.com\/tr\/wp-json\/wp\/v2\/media?parent=6715"}],"curies":[{"name":"wp","href":"https:\/\/api.w.org\/{rel}","templated":true}]}}